{"id":1699,"date":"2023-10-13T17:55:14","date_gmt":"2023-10-13T21:55:14","guid":{"rendered":"https:\/\/niji.ca\/newsletter-terms\/"},"modified":"2023-11-14T22:20:11","modified_gmt":"2023-11-15T03:20:11","slug":"newsletter-terms","status":"publish","type":"page","link":"https:\/\/niji.ca\/en\/newsletter-terms\/","title":{"rendered":"Newsletter terms and conditions"},"content":{"rendered":"\t\t<div data-elementor-type=\"wp-page\" data-elementor-id=\"1699\" class=\"elementor elementor-1699 elementor-478\" data-elementor-post-type=\"page\">\n\t\t\t\t\t\t\t\t\t<section class=\"elementor-section elementor-top-section elementor-element elementor-element-87e13f9 elementor-section-full_width elementor-section-height-min-height elementor-section-height-default elementor-section-items-middle\" data-id=\"87e13f9\" data-element_type=\"section\" data-settings=\"{&quot;background_background&quot;:&quot;classic&quot;}\" data-e-bg-lazyload=\"\">\n\t\t\t\t\t\t\t<div class=\"elementor-background-overlay\"><\/div>\n\t\t\t\t\t\t\t<div class=\"elementor-container elementor-column-gap-no\">\n\t\t\t\t\t<div class=\"elementor-column elementor-col-100 elementor-top-column elementor-element elementor-element-d7bd730\" data-id=\"d7bd730\" data-element_type=\"column\">\n\t\t\t<div class=\"elementor-widget-wrap elementor-element-populated\">\n\t\t\t\t\t\t\t\t<div class=\"elementor-element elementor-element-804d6da elementor-widget__width-auto elementor-widget elementor-widget-heading\" data-id=\"804d6da\" data-element_type=\"widget\" data-widget_type=\"heading.default\">\n\t\t\t\t<div class=\"elementor-widget-container\">\n\t\t\t<h2 class=\"elementor-heading-title elementor-size-default\">Newsletter terms and conditions<\/h2>\t\t<\/div>\n\t\t\t\t<\/div>\n\t\t\t\t\t<\/div>\n\t\t<\/div>\n\t\t\t\t\t\t\t<\/div>\n\t\t<\/section>\n\t\t\t\t<section class=\"elementor-section elementor-top-section elementor-element elementor-element-2c498e45 elementor-section-boxed elementor-section-height-default elementor-section-height-default\" data-id=\"2c498e45\" data-element_type=\"section\" data-settings=\"{&quot;background_background&quot;:&quot;classic&quot;}\">\n\t\t\t\t\t\t<div class=\"elementor-container elementor-column-gap-no\">\n\t\t\t\t\t<div class=\"elementor-column elementor-col-100 elementor-top-column elementor-element elementor-element-8dd91b6\" data-id=\"8dd91b6\" data-element_type=\"column\" data-settings=\"{&quot;background_background&quot;:&quot;classic&quot;}\">\n\t\t\t<div class=\"elementor-widget-wrap elementor-element-populated\">\n\t\t\t\t\t\t\t\t<div class=\"elementor-element elementor-element-2158667e elementor-widget elementor-widget-text-editor\" data-id=\"2158667e\" data-element_type=\"widget\" data-widget_type=\"text-editor.default\">\n\t\t\t\t<div class=\"elementor-widget-container\">\n\t\t\t\t\t\t\t<p>&#8211; <a href=\"#point1\">Liste d&#8217;envoi courriel<\/a><\/p>\n<p>&#8211; <a href=\"#point2\">Confidentialit\u00e9<\/a><\/p>\n<p>&#8211; <a href=\"#point3\">Contact<\/a><\/p>\n\t\t\t\t\t\t<\/div>\n\t\t\t\t<\/div>\n\t\t\t\t<div class=\"elementor-element elementor-element-4dd3fec2 elementor-widget-divider--view-line elementor-widget elementor-widget-divider\" data-id=\"4dd3fec2\" data-element_type=\"widget\" data-widget_type=\"divider.default\">\n\t\t\t\t<div class=\"elementor-widget-container\">\n\t\t\t\t\t<div class=\"elementor-divider\">\n\t\t\t<span class=\"elementor-divider-separator\">\n\t\t\t\t\t\t<\/span>\n\t\t<\/div>\n\t\t\t\t<\/div>\n\t\t\t\t<\/div>\n\t\t\t\t<div class=\"elementor-element elementor-element-566f1853 elementor-widget elementor-widget-text-editor\" data-id=\"566f1853\" data-element_type=\"widget\" data-widget_type=\"text-editor.default\">\n\t\t\t\t<div class=\"elementor-widget-container\">\n\t\t\t\t\t\t\t<p>Ce texte vise \u00e0 \u00e0 informer l&#8217;internaute ou visiteur (\u00ab l&#8217;Utilisateur \u00bb) des termes et conditions concernant sp\u00e9cifiquement l&#8217;abonnement \u00e0 l&#8217;infolettre de Restaurant Niji (\u00ab Restaurant Niji \u00bb) \u00e0 travers le site internet niji.ca (ci-apr\u00e8s nomm\u00e9 le \u00ab Site Web \u00bb). Pour les autres termes, consulter les <a href=\"https:\/\/niji.ca\/\/en\/terms-and-conditions\/\">Termes et conditions d&#8217;utilisation du Site Web<\/a> et la <a href=\"https:\/\/niji.ca\/\/en\/privacy-policy\/\">Politique de protection des renseignements personnels et politique de confidentialit\u00e9<\/a>.<\/p>\n\t\t\t\t\t\t<\/div>\n\t\t\t\t<\/div>\n\t\t\t\t<div class=\"elementor-element elementor-element-7de52f31 elementor-widget elementor-widget-heading\" data-id=\"7de52f31\" data-element_type=\"widget\" id=\"point1\" data-widget_type=\"heading.default\">\n\t\t\t\t<div class=\"elementor-widget-container\">\n\t\t\t<h4 class=\"elementor-heading-title elementor-size-default\">Liste d'envoi courriel<\/h4>\t\t<\/div>\n\t\t\t\t<\/div>\n\t\t\t\t<div class=\"elementor-element elementor-element-5fcc7aca elementor-widget elementor-widget-heading\" data-id=\"5fcc7aca\" data-element_type=\"widget\" data-widget_type=\"heading.default\">\n\t\t\t\t<div class=\"elementor-widget-container\">\n\t\t\t<h5 class=\"elementor-heading-title elementor-size-default\">Consentement \u00e0 l'inclusion \u00e0 la liste d'envoi<\/h5>\t\t<\/div>\n\t\t\t\t<\/div>\n\t\t\t\t<div class=\"elementor-element elementor-element-20c10c60 elementor-widget elementor-widget-text-editor\" data-id=\"20c10c60\" data-element_type=\"widget\" data-widget_type=\"text-editor.default\">\n\t\t\t\t<div class=\"elementor-widget-container\">\n\t\t\t\t\t\t\t<p>Si l&#8217;Utilisateur s&#8217;est inscrit volontairement \u00e0 la liste d&#8217;envoi de Restaurant Niji \u00e0 travers la page d&#8217;inscription du Site Web (ou \u00e0 travers un courriel demandant \u00e0 l&#8217;Utilisateur de confirmer son consentement), le consentement est consid\u00e9r\u00e9 comme explicite (\u00ab expr\u00e8s \u00bb), et l&#8217;Utilisateur recevra les communications courriels de la part de Restaurant Niji.<\/p>\n\t\t\t\t\t\t<\/div>\n\t\t\t\t<\/div>\n\t\t\t\t<div class=\"elementor-element elementor-element-2741a3eb elementor-widget elementor-widget-text-editor\" data-id=\"2741a3eb\" data-element_type=\"widget\" data-widget_type=\"text-editor.default\">\n\t\t\t\t<div class=\"elementor-widget-container\">\n\t\t\t\t\t\t\t<p>Si l&#8217;Utilisateur ne s&#8217;est pas inscrit volontairement, il est possible que son adresse courriel se retrouve sur la liste de Restaurant Niji pour l&#8217;une ou plusieurs des raisons \u00e9num\u00e9r\u00e9es ci\u2011dessous:<\/p>\n\t\t\t\t\t\t<\/div>\n\t\t\t\t<\/div>\n\t\t\t\t<div class=\"elementor-element elementor-element-29c58025 uneliste elementor-widget elementor-widget-text-editor\" data-id=\"29c58025\" data-element_type=\"widget\" data-widget_type=\"text-editor.default\">\n\t\t\t\t<div class=\"elementor-widget-container\">\n\t\t\t\t\t\t\t<ul>\n<li>l&#8217;Utilisateur a contact\u00e9 Restaurant Niji pour une demande de renseignement sur ses services;<\/li>\n<li>l&#8217;Utilisateur est un client actuel ou a d\u00e9j\u00e0 \u00e9t\u00e9 client de Restaurant Niji;<\/li>\n<li>l&#8217;Utilisateur a donn\u00e9 sa carte d&#8217;affaire et\/ou ses informations de contact dans le cadre d&#8217;un \u00e9change professionnel (par exemple : lors d&#8217;un congr\u00e8s).<\/li>\n<\/ul>\n\t\t\t\t\t\t<\/div>\n\t\t\t\t<\/div>\n\t\t\t\t<div class=\"elementor-element elementor-element-7bd6ab30 elementor-widget elementor-widget-text-editor\" data-id=\"7bd6ab30\" data-element_type=\"widget\" data-widget_type=\"text-editor.default\">\n\t\t\t\t<div class=\"elementor-widget-container\">\n\t\t\t\t\t\t\t<p>\u00c0 ce moment, son consentement est consid\u00e9r\u00e9 comme implicite (\u00ab tacite \u00bb), c&#8217;est-\u00e0-dire que l&#8217;Utilisateur a accept\u00e9 de recevoir des communications de la part de Restaurant Niji.<\/p>\n\t\t\t\t\t\t<\/div>\n\t\t\t\t<\/div>\n\t\t\t\t<div class=\"elementor-element elementor-element-61946722 elementor-widget elementor-widget-text-editor\" data-id=\"61946722\" data-element_type=\"widget\" data-widget_type=\"text-editor.default\">\n\t\t\t\t<div class=\"elementor-widget-container\">\n\t\t\t\t\t\t\t<p>La dur\u00e9e de ce consentement est d&#8217;une dur\u00e9e d\u00e9finie de 2 ans, 6 mois dans le cas d&#8217;une demande de renseignement.<\/p>\n\t\t\t\t\t\t<\/div>\n\t\t\t\t<\/div>\n\t\t\t\t<div class=\"elementor-element elementor-element-9a67520 elementor-widget elementor-widget-text-editor\" data-id=\"9a67520\" data-element_type=\"widget\" data-widget_type=\"text-editor.default\">\n\t\t\t\t<div class=\"elementor-widget-container\">\n\t\t\t\t\t\t\t<p>Par contre si&#8230;<\/p>\n\t\t\t\t\t\t<\/div>\n\t\t\t\t<\/div>\n\t\t\t\t<div class=\"elementor-element elementor-element-45696794 elementor-widget elementor-widget-text-editor\" data-id=\"45696794\" data-element_type=\"widget\" data-widget_type=\"text-editor.default\">\n\t\t\t\t<div class=\"elementor-widget-container\">\n\t\t\t\t\t\t\t<p>L&#8217;Utilisateur a affich\u00e9 son adresse courriel publiquement sur son site internet dans le but de recevoir des communications commerciales, il se peut que Restaurant Niji ai ajout\u00e9 cette adresse courriel \u00e0 sa liste d&#8217;envoi en croyant que ses services professionnels ou produits pourraient int\u00e9resser l&#8217;Utilisateur. Le cas \u00e9ch\u00e9ant, l&#8217;Utilisateur n&#8217;a pas consenti implicitement \u00e0 faire partie de la liste d&#8217;envoi de Restaurant Niji.<\/p>\n\t\t\t\t\t\t<\/div>\n\t\t\t\t<\/div>\n\t\t\t\t<div class=\"elementor-element elementor-element-292c498 elementor-widget elementor-widget-heading\" data-id=\"292c498\" data-element_type=\"widget\" data-widget_type=\"heading.default\">\n\t\t\t\t<div class=\"elementor-widget-container\">\n\t\t\t<h4 class=\"elementor-heading-title elementor-size-default\">Confirmation du consentement explicite (\u00ab&nbsp;expr\u00e8s&nbsp;\u00bb)<\/h4>\t\t<\/div>\n\t\t\t\t<\/div>\n\t\t\t\t<div class=\"elementor-element elementor-element-12a27309 elementor-widget elementor-widget-text-editor\" data-id=\"12a27309\" data-element_type=\"widget\" data-widget_type=\"text-editor.default\">\n\t\t\t\t<div class=\"elementor-widget-container\">\n\t\t\t\t\t\t\t<p>Si l&#8217;Utilisateur d\u00e9sire recevoir communications par courriel de Restaurant Niji, ou confirmer son consentement explicite afin de continuer de recevoir les communications de Restaurant Niji, il doit se rendre sur la page <a href=\"https:\/\/niji.ca\/\/infolettre\/abonnement.php\">Abonnement \u00e0 l&#8217;infolettre<\/a>.<\/p>\n\t\t\t\t\t\t<\/div>\n\t\t\t\t<\/div>\n\t\t\t\t<div class=\"elementor-element elementor-element-479f0b17 elementor-widget elementor-widget-heading\" data-id=\"479f0b17\" data-element_type=\"widget\" data-widget_type=\"heading.default\">\n\t\t\t\t<div class=\"elementor-widget-container\">\n\t\t\t<h4 class=\"elementor-heading-title elementor-size-default\">Annulation du consentement - Retrait de la liste d'envoi<\/h4>\t\t<\/div>\n\t\t\t\t<\/div>\n\t\t\t\t<div class=\"elementor-element elementor-element-6a1cdea3 elementor-widget elementor-widget-text-editor\" data-id=\"6a1cdea3\" data-element_type=\"widget\" data-widget_type=\"text-editor.default\">\n\t\t\t\t<div class=\"elementor-widget-container\">\n\t\t\t\t\t\t\t<p>L&#8217;Utilisateur peut \u00e0 tout moment retirer son consentement en cliquant sur le lien Se d\u00e9sabonner inclus au bas des courriels envoy\u00e9s, conform\u00e9ment \u00e0 la loi canadienne anti-pourriel C-28, ou en acc\u00e9dant <a href=\"https:\/\/niji.ca\/\/infolettre\/desabonnement.php\">cette page<\/a>. Restaurant Niji honorera imm\u00e9diatement la demande.<\/p>\n\t\t\t\t\t\t<\/div>\n\t\t\t\t<\/div>\n\t\t\t\t<div class=\"elementor-element elementor-element-42753a6 elementor-widget elementor-widget-text-editor\" data-id=\"42753a6\" data-element_type=\"widget\" data-widget_type=\"text-editor.default\">\n\t\t\t\t<div class=\"elementor-widget-container\">\n\t\t\t\t\t\t\t<p>Si l&#8217;Utilisateur \u00e9prouve des probl\u00e8mes avec le syst\u00e8me de d\u00e9sabonnement, il peut communiquer avec Restaurant Niji pour \u00eatre retir\u00e9 de la liste:<\/p>\n\t\t\t\t\t\t<\/div>\n\t\t\t\t<\/div>\n\t\t\t\t<div class=\"elementor-element elementor-element-2dda38f4 elementor-widget elementor-widget-text-editor\" data-id=\"2dda38f4\" data-element_type=\"widget\" data-widget_type=\"text-editor.default\">\n\t\t\t\t<div class=\"elementor-widget-container\">\n\t\t\t\t\t\t\t<p>Helen Trinh<br \/>Niji Sushi Bar Restaurant<br \/>1725 Av. des Lumi\u00e8res suite 5, Brossard, QC J4Y 0A5<br \/>450 443-6454<br \/>info@niji.ca<br \/>niji.ca<\/p>\n\t\t\t\t\t\t<\/div>\n\t\t\t\t<\/div>\n\t\t\t\t<div class=\"elementor-element elementor-element-79ce1f8d elementor-widget elementor-widget-heading\" data-id=\"79ce1f8d\" data-element_type=\"widget\" id=\"point2\" data-widget_type=\"heading.default\">\n\t\t\t\t<div class=\"elementor-widget-container\">\n\t\t\t<h4 class=\"elementor-heading-title elementor-size-default\">Confidentialit\u00e9<\/h4>\t\t<\/div>\n\t\t\t\t<\/div>\n\t\t\t\t<div class=\"elementor-element elementor-element-2d916461 elementor-widget elementor-widget-text-editor\" data-id=\"2d916461\" data-element_type=\"widget\" data-widget_type=\"text-editor.default\">\n\t\t\t\t<div class=\"elementor-widget-container\">\n\t\t\t\t\t\t\t<p>Restaurant Niji prot\u00e8ge, par les mesures de s\u00e9curit\u00e9 appropri\u00e9es selon les circonstances, les renseignements personnels et les adresses courriels qui lui sont confi\u00e9s. Pour la politique de confidentialit\u00e9 d\u00e9taill\u00e9e et compl\u00e8te, se r\u00e9f\u00e9rer \u00e0 notre <a href=\"https:\/\/niji.ca\/\/en\/privacy-policy\/\">Politique de protection des renseignements personnels et politique de confidentialit\u00e9<\/a>.<\/p>\n\t\t\t\t\t\t<\/div>\n\t\t\t\t<\/div>\n\t\t\t\t<div class=\"elementor-element elementor-element-31887c6c elementor-widget elementor-widget-text-editor\" data-id=\"31887c6c\" data-element_type=\"widget\" data-widget_type=\"text-editor.default\">\n\t\t\t\t<div class=\"elementor-widget-container\">\n\t\t\t\t\t\t\t<p>Restaurant Niji ne vend pas, ne loue pas et ne ne partage pas l&#8217;adresse courriel de l&#8217;Utilisateur avec des tiers. L&#8217;adresse courriel (et autres renseignements personnels tel le nom de l&#8217;Utilisateur) demeurent confidentiels et ne seront utilis\u00e9s que par Restaurant Niji dans le cadre de ses communications par courriel.<\/p>\n\t\t\t\t\t\t<\/div>\n\t\t\t\t<\/div>\n\t\t\t\t<div class=\"elementor-element elementor-element-23a566bd elementor-widget elementor-widget-text-editor\" data-id=\"23a566bd\" data-element_type=\"widget\" data-widget_type=\"text-editor.default\">\n\t\t\t\t<div class=\"elementor-widget-container\">\n\t\t\t\t\t\t\t<p>Restaurant Niji n&#8217;envoie des campagnes courriel qu&#8217;\u00e0 des utilisateurs ayant explicitement donn\u00e9 leur consentement \u00e0 recevoir ses communications par courriel. Restaurant Niji n&#8217;envoie pas de campagnes courriel \u00e0 des listes d&#8217;adresses obtenues autrement, cette pratique est ill\u00e9gale au Canada.<\/p>\n\t\t\t\t\t\t<\/div>\n\t\t\t\t<\/div>\n\t\t\t\t<div class=\"elementor-element elementor-element-24a27b3d elementor-widget elementor-widget-text-editor\" data-id=\"24a27b3d\" data-element_type=\"widget\" data-widget_type=\"text-editor.default\">\n\t\t\t\t<div class=\"elementor-widget-container\">\n\t\t\t\t\t\t\t<p>Restaurant Niji envoie ses campagnes courriel commerciales gr\u00e2ce au logiciel Campaign Monitor. Ce logiciel se conforme \u00e0 ses propres politiques de s\u00e9curit\u00e9, confidentialit\u00e9 et protection des renseignements personnels, <a href=\"https:\/\/www.campaignmonitor.com\/trust\/\">disponibles ici<\/a>.<\/p>\n\t\t\t\t\t\t<\/div>\n\t\t\t\t<\/div>\n\t\t\t\t<div class=\"elementor-element elementor-element-5694ba42 elementor-widget elementor-widget-heading\" data-id=\"5694ba42\" data-element_type=\"widget\" data-widget_type=\"heading.default\">\n\t\t\t\t<div class=\"elementor-widget-container\">\n\t\t\t<h4 class=\"elementor-heading-title elementor-size-default\">Politique de confidentialit\u00e9<\/h4>\t\t<\/div>\n\t\t\t\t<\/div>\n\t\t\t\t<div class=\"elementor-element elementor-element-533daf0d elementor-widget elementor-widget-text-editor\" data-id=\"533daf0d\" data-element_type=\"widget\" data-widget_type=\"text-editor.default\">\n\t\t\t\t<div class=\"elementor-widget-container\">\n\t\t\t\t\t\t\t<p>R\u00e9f\u00e9rer \u00e0 la <a href=\"https:\/\/niji.ca\/\/en\/privacy-policy\/\">Politique de protection des renseignements personnels et politique de confidentialit\u00e9<\/a> de Restaurant Niji.<\/p>\n\t\t\t\t\t\t<\/div>\n\t\t\t\t<\/div>\n\t\t\t\t<div class=\"elementor-element elementor-element-57af6f elementor-widget elementor-widget-heading\" data-id=\"57af6f\" data-element_type=\"widget\" data-widget_type=\"heading.default\">\n\t\t\t\t<div class=\"elementor-widget-container\">\n\t\t\t<h4 class=\"elementor-heading-title elementor-size-default\">Lois applicables<\/h4>\t\t<\/div>\n\t\t\t\t<\/div>\n\t\t\t\t<div class=\"elementor-element elementor-element-312e0ff elementor-widget elementor-widget-text-editor\" data-id=\"312e0ff\" data-element_type=\"widget\" data-widget_type=\"text-editor.default\">\n\t\t\t\t<div class=\"elementor-widget-container\">\n\t\t\t\t\t\t\t<p>Ces Termes sont r\u00e9gis et interpr\u00e9t\u00e9s conform\u00e9ment aux lois de la province du Qu\u00e9bec.<\/p>\n\t\t\t\t\t\t<\/div>\n\t\t\t\t<\/div>\n\t\t\t\t<div class=\"elementor-element elementor-element-6410028f elementor-widget elementor-widget-heading\" data-id=\"6410028f\" data-element_type=\"widget\" id=\"point3\" data-widget_type=\"heading.default\">\n\t\t\t\t<div class=\"elementor-widget-container\">\n\t\t\t<h4 class=\"elementor-heading-title elementor-size-default\">Contact<\/h4>\t\t<\/div>\n\t\t\t\t<\/div>\n\t\t\t\t<div class=\"elementor-element elementor-element-33b6e91a elementor-widget elementor-widget-text-editor\" data-id=\"33b6e91a\" data-element_type=\"widget\" data-widget_type=\"text-editor.default\">\n\t\t\t\t<div class=\"elementor-widget-container\">\n\t\t\t\t\t\t\t<p>Helen Trinh<br \/>Niji Sushi Bar Restaurant<br \/>1725 Av. des Lumi\u00e8res suite 5, Brossard, QC J4Y 0A5<br \/>450 443-6454<br \/>info@niji.ca<br \/>niji.ca<\/p>\n\t\t\t\t\t\t<\/div>\n\t\t\t\t<\/div>\n\t\t\t\t<div class=\"elementor-element elementor-element-4e4b49a4 elementor-widget-divider--view-line elementor-widget elementor-widget-divider\" data-id=\"4e4b49a4\" data-element_type=\"widget\" data-widget_type=\"divider.default\">\n\t\t\t\t<div class=\"elementor-widget-container\">\n\t\t\t\t\t<div class=\"elementor-divider\">\n\t\t\t<span class=\"elementor-divider-separator\">\n\t\t\t\t\t\t<\/span>\n\t\t<\/div>\n\t\t\t\t<\/div>\n\t\t\t\t<\/div>\n\t\t\t\t<div class=\"elementor-element elementor-element-3d58881a elementor-widget elementor-widget-text-editor\" data-id=\"3d58881a\" data-element_type=\"widget\" data-widget_type=\"text-editor.default\">\n\t\t\t\t<div class=\"elementor-widget-container\">\n\t\t\t\t\t\t\tSee also:\r\n\r\nOur <a href=\"https:\/\/niji.ca\/\/en\/privacy-policy\/\">Personal information protection policy and confidentiality policy<\/a>\r\n\r\nOur <a href=\"https:\/\/niji.ca\/\/en\/terms-and-conditions\/\">Terms and conditions<\/a>\t\t\t\t\t\t<\/div>\n\t\t\t\t<\/div>\n\t\t\t\t\t<\/div>\n\t\t<\/div>\n\t\t\t\t\t\t\t<\/div>\n\t\t<\/section>\n\t\t\t\t\t\t\t<\/div>\n\t\t","protected":false},"excerpt":{"rendered":"<p>The terms and conditions of use of the Niji sushi bar and restaurant email list and newsletter from Quartier Dix 30 in Brossard<\/p>\n","protected":false},"author":7,"featured_media":1426,"parent":0,"menu_order":0,"comment_status":"closed","ping_status":"closed","template":"","meta":{"slim_seo":{"title":"Terms and conditions of the Niji sushi bar and restaurant newsletter","description":"The terms and conditions of use of the Niji sushi bar and restaurant email list and newsletter from Quartier Dix 30 in Brossard"},"footnotes":""},"class_list":["post-1699","page","type-page","status-publish","has-post-thumbnail","hentry"],"_links":{"self":[{"href":"https:\/\/niji.ca\/en\/wp-json\/wp\/v2\/pages\/1699","targetHints":{"allow":["GET"]}}],"collection":[{"href":"https:\/\/niji.ca\/en\/wp-json\/wp\/v2\/pages"}],"about":[{"href":"https:\/\/niji.ca\/en\/wp-json\/wp\/v2\/types\/page"}],"author":[{"embeddable":true,"href":"https:\/\/niji.ca\/en\/wp-json\/wp\/v2\/users\/7"}],"replies":[{"embeddable":true,"href":"https:\/\/niji.ca\/en\/wp-json\/wp\/v2\/comments?post=1699"}],"version-history":[{"count":0,"href":"https:\/\/niji.ca\/en\/wp-json\/wp\/v2\/pages\/1699\/revisions"}],"wp:featuredmedia":[{"embeddable":true,"href":"https:\/\/niji.ca\/en\/wp-json\/wp\/v2\/media\/1426"}],"wp:attachment":[{"href":"https:\/\/niji.ca\/en\/wp-json\/wp\/v2\/media?parent=1699"}],"curies":[{"name":"wp","href":"https:\/\/api.w.org\/{rel}","templated":true}]}}